{"id":112,"date":"2024-09-23T12:21:07","date_gmt":"2024-09-23T12:21:07","guid":{"rendered":"https:\/\/visioink.com\/?page_id=112"},"modified":"2025-04-19T07:50:26","modified_gmt":"2025-04-19T04:50:26","slug":"contactus","status":"publish","type":"page","link":"https:\/\/www.visioink.com\/en\/contactus\/","title":{"rendered":"Contact US"},"content":{"rendered":"<div class=\"row row-collapse row-full-width\"  id=\"row-1631295903\">\n\n\t<div id=\"col-302349519\" class=\"col small-12 large-12\"  >\n\t\t\t\t<div class=\"col-inner\"  >\n\t\t\t\n\t\t\t\n\n\t<section class=\"section\" id=\"section_337151856\">\n\t\t<div class=\"section-bg fill\" >\n\t\t\t<img loading=\"lazy\" decoding=\"async\" width=\"1920\" height=\"450\" src=\"https:\/\/www.visioink.com\/wp-content\/uploads\/2024\/09\/Contact-us.jpg\" class=\"bg attachment-original size-original\" alt=\"VISIOINK Contacts\" \/>\t\t\t\t\t\t<div class=\"section-bg-overlay absolute fill\"><\/div>\n\t\t\t\n\n\t\t<\/div>\n\n\t\t\n\n\t\t<div class=\"section-content relative\">\n\t\t\t\n<div class=\"row row-collapse align-center\" style=\"max-width:\" id=\"row-1532204196\">\n\n\t<div id=\"col-1310743017\" class=\"col small-12 large-12\"  >\n\t\t\t\t<div class=\"col-inner text-center dark\"  >\n\t\t\t\n\t\t\t\n<h1>VISIOINK Contacts<\/h1>\n<p class=\"lead\"><span style=\"font-size: 120%;\">Send us a message<\/span><\/p>\n\t\t<\/div>\n\t\t\t\t\n<style>\n#col-1310743017 > .col-inner {\n  padding: 100px 20px 200px 0px;\n}\n@media (min-width:550px) {\n  #col-1310743017 > .col-inner {\n    padding: 100px 0px 200px 0px;\n  }\n}\n<\/style>\n\t<\/div>\n\n\t\n<\/div>\n\t\t<\/div>\n\n\t\t\n<style>\n#section_337151856 {\n  padding-top: 0px;\n  padding-bottom: 0px;\n  min-height: 0px;\n}\n#section_337151856 .section-bg-overlay {\n  background-color: rgba(0, 0, 0, 0.12);\n}\n#section_337151856 .section-bg img {\n  object-position: 53% 46%;\n}\n@media (min-width:550px) {\n  #section_337151856 {\n    padding-top: 0px;\n    padding-bottom: 0px;\n  }\n  #section_337151856 .section-bg-overlay {\n    background-color: rgba(0, 0, 0, 0.21);\n  }\n}\n@media (min-width:850px) {\n  #section_337151856 {\n    padding-top: 0px;\n    padding-bottom: 0px;\n  }\n  #section_337151856 .section-bg-overlay {\n    background-color: rgba(0, 0, 0, 0.12);\n  }\n}\n<\/style>\n\t<\/section>\n\t\n\t\t<\/div>\n\t\t\t\t\n<style>\n#col-302349519 > .col-inner {\n  padding: 0px 0px 0px 0px;\n}\n@media (min-width:550px) {\n  #col-302349519 > .col-inner {\n    padding: 0px 0px 0px 0px;\n  }\n}\n@media (min-width:850px) {\n  #col-302349519 > .col-inner {\n    padding: 0px 30px 0px 30px;\n  }\n}\n<\/style>\n\t<\/div>\n\n\t\n<\/div>\n<div class=\"row row-large\" style=\"max-width:1400px\" id=\"row-1528585798\">\n\n\t<div id=\"col-445791394\" class=\"col small-12 large-12\"  >\n\t\t\t\t<div class=\"col-inner\" style=\"background-color:rgb(255, 255, 255);\" >\n\t\t\t\n\t\t\t\n<div class=\"row row-collapse row-full-width\"  id=\"row-1948452364\">\n\n\t<div id=\"col-1014929056\" class=\"col medium-12 small-12 large-6\"  >\n\t\t\t\t<div class=\"col-inner\"  >\n\t\t\t\n\t\t\t\n<h2><span style=\"font-size: 120%;\">Contact Us<\/span><\/h2>\n<p>We\u2019re here to provide you with expert support and answers to any questions you may have. Whether you need product information, technical assistance, or customized solutions, don\u2019t hesitate to get in touch with us. Reach out today, and let VISIOINK help elevate your business to the next level.<\/p>\n\t<div id=\"gap-1490774674\" class=\"gap-element clearfix\" style=\"display:block; height:auto;\">\n\t\t\n<style>\n#gap-1490774674 {\n  padding-top: 20px;\n}\n@media (min-width:550px) {\n  #gap-1490774674 {\n    padding-top: 20px;\n  }\n}\n@media (min-width:850px) {\n  #gap-1490774674 {\n    padding-top: 30px;\n  }\n}\n<\/style>\n\t<\/div>\n\t\n<div class=\"row\"  id=\"row-204056742\">\n\n\t<div id=\"col-1505940797\" class=\"col medium-6 small-12 large-6\"  >\n\t\t\t\t<div class=\"col-inner\"  >\n\t\t\t\n\t\t\t\n\t<div class=\"img has-hover x md-x lg-x y md-y lg-y\" id=\"image_2143819062\">\n\t\t\t\t\t\t\t\t<div class=\"img-inner dark\" >\n\t\t\t<img loading=\"lazy\" decoding=\"async\" width=\"240\" height=\"240\" src=\"https:\/\/www.visioink.com\/wp-content\/uploads\/2024\/09\/map-pin-2-fill-2.png\" class=\"attachment-large size-large\" alt=\"visioink-adress\" srcset=\"https:\/\/www.visioink.com\/wp-content\/uploads\/2024\/09\/map-pin-2-fill-2.png 240w, https:\/\/www.visioink.com\/wp-content\/uploads\/2024\/09\/map-pin-2-fill-2-100x100.png 100w\" sizes=\"auto, (max-width: 240px) 100vw, 240px\" \/>\t\t\t\t\t\t\n\t\t\t\t\t<\/div>\n\t\t\t\t\t\t\t\t\n<style>\n#image_2143819062 {\n  width: 15%;\n}\n@media (min-width:550px) {\n  #image_2143819062 {\n    width: 20%;\n  }\n}\n<\/style>\n\t<\/div>\n\t\n<h3 class=\"uppercase\">Adress<\/h3>\n<p>DEMPA Sanayi Sit.<br \/>\n3797. Sokak No : 22<br \/>\nPostcode: 06105<br \/>\nYenimahalle \u2013 Ankara \/ TURKEY<\/p>\n\t\t<\/div>\n\t\t\t\t\t<\/div>\n\n\t\n\n\t<div id=\"col-1382777419\" class=\"col medium-5 small-12 large-6\"  >\n\t\t\t\t<div class=\"col-inner\"  >\n\t\t\t\n\t\t\t\n\t<div class=\"img has-hover x md-x lg-x y md-y lg-y\" id=\"image_820749318\">\n\t\t\t\t\t\t\t\t<div class=\"img-inner dark\" >\n\t\t\t<img loading=\"lazy\" decoding=\"async\" width=\"240\" height=\"240\" src=\"https:\/\/www.visioink.com\/wp-content\/uploads\/2024\/09\/time-fill.png\" class=\"attachment-large size-large\" alt=\"visioink-times\" srcset=\"https:\/\/www.visioink.com\/wp-content\/uploads\/2024\/09\/time-fill.png 240w, https:\/\/www.visioink.com\/wp-content\/uploads\/2024\/09\/time-fill-100x100.png 100w\" sizes=\"auto, (max-width: 240px) 100vw, 240px\" \/>\t\t\t\t\t\t\n\t\t\t\t\t<\/div>\n\t\t\t\t\t\t\t\t\n<style>\n#image_820749318 {\n  width: 15%;\n}\n@media (min-width:550px) {\n  #image_820749318 {\n    width: 20%;\n  }\n}\n<\/style>\n\t<\/div>\n\t\n<h3 class=\"uppercase\">Opening Hours<\/h3>\n<p>Mon to Fri: 08 am &#8211; 06 pm<\/p>\n\t\t<\/div>\n\t\t\t\t\t<\/div>\n\n\t\n<\/div>\n<div class=\"row\"  id=\"row-144259225\">\n\n\t<div id=\"col-103285307\" class=\"col medium-6 small-12 large-6\"  >\n\t\t\t\t<div class=\"col-inner\"  >\n\t\t\t\n\t\t\t\n\t<div class=\"img has-hover x md-x lg-x y md-y lg-y\" id=\"image_2126405064\">\n\t\t\t\t\t\t\t\t<div class=\"img-inner dark\" >\n\t\t\t<img loading=\"lazy\" decoding=\"async\" width=\"240\" height=\"240\" src=\"https:\/\/www.visioink.com\/wp-content\/uploads\/2024\/09\/mail-open-fill.png\" class=\"attachment-large size-large\" alt=\"visioink-mail\" srcset=\"https:\/\/www.visioink.com\/wp-content\/uploads\/2024\/09\/mail-open-fill.png 240w, https:\/\/www.visioink.com\/wp-content\/uploads\/2024\/09\/mail-open-fill-100x100.png 100w\" sizes=\"auto, (max-width: 240px) 100vw, 240px\" \/>\t\t\t\t\t\t\n\t\t\t\t\t<\/div>\n\t\t\t\t\t\t\t\t\n<style>\n#image_2126405064 {\n  width: 15%;\n}\n@media (min-width:550px) {\n  #image_2126405064 {\n    width: 20%;\n  }\n}\n<\/style>\n\t<\/div>\n\t\n<h3 class=\"uppercase\">E-mail<\/h3>\n<p>info@visioink.com<\/p>\n\t\t<\/div>\n\t\t\t\t\t<\/div>\n\n\t\n\n\t<div id=\"col-268579757\" class=\"col medium-6 small-12 large-6\"  >\n\t\t\t\t<div class=\"col-inner\"  >\n\t\t\t\n\t\t\t\n\t<div class=\"img has-hover x md-x lg-x y md-y lg-y\" id=\"image_910333869\">\n\t\t\t\t\t\t\t\t<div class=\"img-inner dark\" >\n\t\t\t<img loading=\"lazy\" decoding=\"async\" width=\"240\" height=\"240\" src=\"https:\/\/www.visioink.com\/wp-content\/uploads\/2024\/09\/phone-fill.png\" class=\"attachment-large size-large\" alt=\"visioink-phone\" srcset=\"https:\/\/www.visioink.com\/wp-content\/uploads\/2024\/09\/phone-fill.png 240w, https:\/\/www.visioink.com\/wp-content\/uploads\/2024\/09\/phone-fill-100x100.png 100w\" sizes=\"auto, (max-width: 240px) 100vw, 240px\" \/>\t\t\t\t\t\t\n\t\t\t\t\t<\/div>\n\t\t\t\t\t\t\t\t\n<style>\n#image_910333869 {\n  width: 15%;\n}\n@media (min-width:550px) {\n  #image_910333869 {\n    width: 20%;\n  }\n}\n<\/style>\n\t<\/div>\n\t\n<h3 class=\"uppercase\">phone<\/h3>\n<p>+90 538 218 49 70<\/p>\n\t\t<\/div>\n\t\t\t\t\t<\/div>\n\n\t\n<\/div>\n\t\t<\/div>\n\t\t\t\t\n<style>\n#col-1014929056 > .col-inner {\n  padding: 0px 0px 0px 20px;\n}\n<\/style>\n\t<\/div>\n\n\t\n\n\t<div id=\"col-2085265776\" class=\"col medium-12 small-12 large-6\"  >\n\t\t\t\t<div class=\"col-inner\"  >\n\t\t\t\n\t\t\t\n<h2><span style=\"font-size: 120%;\">Ask a question<\/span><\/h2>\n\t<div id=\"gap-1558265396\" class=\"gap-element clearfix\" style=\"display:block; height:auto;\">\n\t\t\n<style>\n#gap-1558265396 {\n  padding-top: 20px;\n}\n@media (min-width:550px) {\n  #gap-1558265396 {\n    padding-top: 20px;\n  }\n}\n@media (min-width:850px) {\n  #gap-1558265396 {\n    padding-top: 30px;\n  }\n}\n<\/style>\n\t<\/div>\n\t\n<div id=\"quform-07b46c\" class=\"quform quform-2 quform-theme-minimal quform-support-page-caching\"><form id=\"quform-form-07b46c\" class=\"quform-form quform-form-2\" action=\"\/en\/wp-json\/wp\/v2\/pages\/112#quform-07b46c\" method=\"post\" enctype=\"multipart\/form-data\" novalidate=\"novalidate\" data-options=\"{&quot;id&quot;:2,&quot;uniqueId&quot;:&quot;07b46c&quot;,&quot;theme&quot;:&quot;minimal&quot;,&quot;ajax&quot;:true,&quot;logic&quot;:{&quot;logic&quot;:{&quot;20&quot;:{&quot;action&quot;:true,&quot;match&quot;:&quot;all&quot;,&quot;rules&quot;:[{&quot;elementId&quot;:&quot;23&quot;,&quot;operator&quot;:&quot;eq&quot;,&quot;optionId&quot;:&quot;1&quot;,&quot;value&quot;:&quot;Yes&quot;}]},&quot;21&quot;:{&quot;action&quot;:true,&quot;match&quot;:&quot;all&quot;,&quot;rules&quot;:[{&quot;elementId&quot;:&quot;23&quot;,&quot;operator&quot;:&quot;eq&quot;,&quot;optionId&quot;:&quot;1&quot;,&quot;value&quot;:&quot;Yes&quot;}]}},&quot;dependents&quot;:{&quot;23&quot;:[20,21]},&quot;elementIds&quot;:[20,21],&quot;dependentElementIds&quot;:[&quot;23&quot;],&quot;animate&quot;:true},&quot;currentPageId&quot;:1,&quot;errorsIcon&quot;:&quot;&quot;,&quot;updateFancybox&quot;:true,&quot;hasPages&quot;:false,&quot;pages&quot;:[1],&quot;pageProgressType&quot;:&quot;numbers&quot;,&quot;tooltipsEnabled&quot;:true,&quot;tooltipClasses&quot;:&quot;qtip-quform-dark qtip-shadow&quot;,&quot;tooltipMy&quot;:&quot;left center&quot;,&quot;tooltipAt&quot;:&quot;right center&quot;,&quot;isRtl&quot;:false,&quot;scrollOffset&quot;:-50,&quot;scrollSpeed&quot;:800}\"><button class=\"quform-default-submit\" name=\"quform_submit\" type=\"submit\" value=\"submit\" aria-hidden=\"true\" tabindex=\"-1\"><\/button><div class=\"quform-form-inner quform-form-inner-2\"><input type=\"hidden\" name=\"quform_form_id\" value=\"2\" \/><input type=\"hidden\" name=\"quform_form_uid\" value=\"07b46c\" \/><input type=\"hidden\" name=\"quform_count\" value=\"1\" \/><input type=\"hidden\" name=\"form_url\" value=\"https:\/\/www.visioink.com\/en\/wp-json\/wp\/v2\/pages\/112\" \/><input type=\"hidden\" name=\"referring_url\" value=\"\" \/><input type=\"hidden\" name=\"post_id\" value=\"\" \/><input type=\"hidden\" name=\"post_title\" value=\"\" \/><input type=\"hidden\" name=\"quform_current_page_id\" value=\"1\" \/><input type=\"hidden\" name=\"quform_csrf_token\" value=\"4CuJ902fZRyUi4zzgBdarQokcIgRRtiTssdJSRZm\" \/><div class=\"quform-elements quform-elements-2 quform-cf quform-responsive-elements-phone-landscape\"><div class=\"quform-element quform-element-page quform-page-1 quform-page-2_1 quform-cf quform-group-style-plain quform-first-page quform-last-page quform-current-page\"><div class=\"quform-child-elements\"><div class=\"quform-element quform-element-name quform-element-2_3 quform-cf quform-element-required\"><div class=\"quform-spacer\"><div class=\"quform-inner quform-inner-name quform-inner-2_3\"><div class=\"quform-input quform-input-name quform-input-2_3 quform-cf\"><div class=\"quform-element-row quform-2-columns quform-element-row-size-fixed quform-responsive-columns-phone-landscape\"><div class=\"quform-element-column\"><div class=\"quform-element quform-element-text quform-element-2_3_2 quform-cf quform-element-required\"><div class=\"quform-spacer\"><div class=\"quform-inner quform-inner-text quform-inner-2_3_2\"><div class=\"quform-input quform-input-text quform-input-2_3_2 quform-cf\"><input type=\"text\" id=\"quform_2_3_2_07b46c\" name=\"quform_2_3[2]\" class=\"quform-field quform-field-text quform-field-2_3_2\" placeholder=\"Name\" \/><\/div><\/div><\/div><\/div><\/div><div class=\"quform-element-column\"><div class=\"quform-element quform-element-text quform-element-2_3_4 quform-cf quform-element-required\"><div class=\"quform-spacer\"><div class=\"quform-inner quform-inner-text quform-inner-2_3_4\"><div class=\"quform-input quform-input-text quform-input-2_3_4 quform-cf\"><input type=\"text\" id=\"quform_2_3_4_07b46c\" name=\"quform_2_3[4]\" class=\"quform-field quform-field-text quform-field-2_3_4\" placeholder=\"Surname\" \/><\/div><\/div><\/div><\/div><\/div><\/div><\/div><\/div><\/div><\/div><div class=\"quform-element quform-element-row quform-element-row-2_13 quform-2-columns quform-element-row-size-fixed quform-responsive-columns-phone-landscape\"><div class=\"quform-element quform-element-column quform-element-2_14\"><div class=\"quform-element quform-element-text quform-element-2_8 quform-cf quform-element-optional\"><div class=\"quform-spacer\"><div class=\"quform-inner quform-inner-text quform-inner-2_8\"><div class=\"quform-input quform-input-text quform-input-2_8 quform-cf\"><input type=\"text\" id=\"quform_2_8_07b46c\" name=\"quform_2_8\" class=\"quform-field quform-field-text quform-field-2_8\" placeholder=\"Company\" \/><\/div><\/div><\/div><\/div><\/div><div class=\"quform-element quform-element-column quform-element-2_15\"><div class=\"quform-element quform-element-text quform-element-2_16 quform-cf quform-element-optional\"><div class=\"quform-spacer\"><div class=\"quform-inner quform-inner-text quform-inner-2_16\"><div class=\"quform-input quform-input-text quform-input-2_16 quform-cf\"><input type=\"text\" id=\"quform_2_16_07b46c\" name=\"quform_2_16\" class=\"quform-field quform-field-text quform-field-2_16\" placeholder=\"Title\" \/><\/div><\/div><\/div><\/div><\/div><\/div><div class=\"quform-element quform-element-row quform-element-row-2_10 quform-2-columns quform-element-row-size-fixed quform-responsive-columns-phone-landscape\"><div class=\"quform-element quform-element-column quform-element-2_11\"><div class=\"quform-element quform-element-text quform-element-2_9 quform-cf quform-element-optional\"><div class=\"quform-spacer\"><div class=\"quform-inner quform-inner-text quform-inner-2_9\"><div class=\"quform-input quform-input-text quform-input-2_9 quform-cf\"><input type=\"text\" id=\"quform_2_9_07b46c\" name=\"quform_2_9\" class=\"quform-field quform-field-text quform-field-2_9\" placeholder=\"Phone\" \/><\/div><\/div><\/div><\/div><\/div><div class=\"quform-element quform-element-column quform-element-2_12\"><div class=\"quform-element quform-element-email quform-element-2_7 quform-cf quform-element-required\"><div class=\"quform-spacer\"><div class=\"quform-inner quform-inner-email quform-inner-2_7\"><div class=\"quform-input quform-input-email quform-input-2_7 quform-cf\"><input type=\"email\" id=\"quform_2_7_07b46c\" name=\"quform_2_7\" class=\"quform-field quform-field-email quform-field-2_7\" placeholder=\"E-Mail\" \/><\/div><\/div><\/div><\/div><\/div><\/div><div class=\"quform-element quform-element-radio quform-element-2_23 quform-cf quform-element-optional\"><div class=\"quform-spacer\"><div class=\"quform-label quform-label-2_23\"><label class=\"quform-label-text\" id=\"quform_2_23_07b46c_label\">Would You Like a Product Price Quote?<\/label><\/div><div class=\"quform-inner quform-inner-radio quform-inner-2_23\"><div class=\"quform-input quform-input-radio quform-input-2_23 quform-cf\"><div class=\"quform-options quform-cf quform-options-columns quform-2-columns quform-responsive-columns-phone-landscape quform-options-simple\" role=\"radiogroup\" aria-labelledby=\"quform_2_23_07b46c_label\"><div class=\"quform-option\"><input type=\"radio\" name=\"quform_2_23\" id=\"quform_2_23_07b46c_1\" class=\"quform-field quform-field-radio quform-field-2_23 quform-field-2_23_1\" value=\"Yes\" \/><label for=\"quform_2_23_07b46c_1\" class=\"quform-option-label quform-option-label-2_23_1\"><span class=\"quform-option-text\">Yes<\/span><\/label><\/div><div class=\"quform-option\"><input type=\"radio\" name=\"quform_2_23\" id=\"quform_2_23_07b46c_2\" class=\"quform-field quform-field-radio quform-field-2_23 quform-field-2_23_2\" value=\"No\" checked \/><label for=\"quform_2_23_07b46c_2\" class=\"quform-option-label quform-option-label-2_23_2\"><span class=\"quform-option-text\">No<\/span><\/label><\/div><\/div><\/div><\/div><\/div><\/div><div class=\"quform-element quform-element-row quform-element-row-2_17 quform-2-columns quform-element-row-size-fixed quform-responsive-columns-phone-landscape\"><div class=\"quform-element quform-element-column quform-element-2_18\"><div class=\"quform-element quform-element-select quform-element-2_20 quform-cf quform-element-optional\"><div class=\"quform-spacer\"><div class=\"quform-label quform-label-2_20\"><label class=\"quform-label-text\" for=\"quform_2_20_07b46c\">\u00dcr\u00fcn Se\u00e7iniz<\/label><\/div><div class=\"quform-inner quform-inner-select quform-inner-2_20\"><div class=\"quform-input quform-input-select quform-input-2_20 quform-cf\"><select id=\"quform_2_20_07b46c\" name=\"quform_2_20\" class=\"quform-field quform-field-select quform-field-2_20\"><option value=\"\" selected=\"selected\">L\u00fctfen Se\u00e7iniz<\/option><option value=\"VISIOINK Solitaire Black\">VISIOINK Solitaire Black<\/option><option value=\"VISIOINK Real Black\">VISIOINK Real Black<\/option><option value=\"VISIOINK Solvent Bazl\u0131\">VISIOINK Solvent Bazl\u0131<\/option><\/select><\/div><\/div><\/div><\/div><\/div><div class=\"quform-element quform-element-column quform-element-2_19\"><div class=\"quform-element quform-element-text quform-element-2_21 quform-cf quform-element-optional\"><div class=\"quform-spacer\"><div class=\"quform-label quform-label-2_21\"><label class=\"quform-label-text\" for=\"quform_2_21_07b46c\">Sat\u0131n Almak \u0130stedi\u011finiz \u00dcr\u00fcn Adeti<\/label><\/div><div class=\"quform-inner quform-inner-text quform-inner-2_21\"><div class=\"quform-input quform-input-text quform-input-2_21 quform-cf\"><input type=\"text\" id=\"quform_2_21_07b46c\" name=\"quform_2_21\" class=\"quform-field quform-field-text quform-field-2_21\" \/><\/div><\/div><\/div><\/div><\/div><\/div><div class=\"quform-element quform-element-textarea quform-element-2_22 quform-cf quform-element-optional\"><div class=\"quform-spacer\"><div class=\"quform-inner quform-inner-textarea quform-inner-2_22\"><div class=\"quform-input quform-input-textarea quform-input-2_22 quform-cf\"><textarea id=\"quform_2_22_07b46c\" name=\"quform_2_22\" class=\"quform-field quform-field-textarea quform-field-2_22\" placeholder=\"You can write anything you would like to share with us in this field.\"><\/textarea><\/div><\/div><\/div><\/div><div class=\"quform-element quform-element-submit quform-element-2_2 quform-cf quform-button-style-shine-gradient\"><div class=\"quform-button-submit quform-button-submit-default quform-button-submit-2_2\"><button name=\"quform_submit\" type=\"submit\" class=\"quform-submit\" value=\"submit\"><span class=\"quform-button-text quform-button-submit-text\">Send<\/span><\/button><\/div><div class=\"quform-loading quform-loading-position-left quform-loading-type-spinner-1\"><div class=\"quform-loading-inner\"><div class=\"quform-loading-spinner\"><div class=\"quform-loading-spinner-inner\"><\/div><\/div><\/div><\/div><\/div><div class=\"quform-element-tree\"><label for=\"quform_2_0_07b46c\">This field should be left blank<\/label><input type=\"text\" id=\"quform_2_0_07b46c\" name=\"quform_2_0\" class=\"quform-field quform-field-tree quform-field-2_0\" tabindex=\"-1\" autocomplete=\"off\" \/><\/div><\/div><\/div><\/div><\/div><\/form><\/div>\n\t\t<\/div>\n\t\t\t\t\t<\/div>\n\n\t\n\n<style>\n#row-1948452364 > .col > .col-inner {\n  padding: 0px 15px 0px 15px;\n}\n<\/style>\n<\/div>\n\t\t<\/div>\n\t\t\t\t\n<style>\n#col-445791394 > .col-inner {\n  padding: 50px 20px 0px 20px;\n  margin: -0 0px 0px 0px;\n}\n@media (min-width:550px) {\n  #col-445791394 > .col-inner {\n    padding: 50px 20px 30px 20px;\n    margin: 0 0px 0px 0px;\n  }\n}\n@media (min-width:850px) {\n  #col-445791394 > .col-inner {\n    padding: 66px 5% 16px 5%;\n    margin: -135px 0px 0px 0px;\n  }\n}\n<\/style>\n\t<\/div>\n\n\t\n<\/div>\n","protected":false},"excerpt":{"rendered":"","protected":false},"author":4,"featured_media":114,"parent":0,"menu_order":4,"comment_status":"closed","ping_status":"closed","template":"page-blank.php","meta":{"footnotes":""},"categories":[],"class_list":["post-112","page","type-page","status-publish","has-post-thumbnail","hentry"],"_links":{"self":[{"href":"https:\/\/www.visioink.com\/en\/wp-json\/wp\/v2\/pages\/112","targetHints":{"allow":["GET"]}}],"collection":[{"href":"https:\/\/www.visioink.com\/en\/wp-json\/wp\/v2\/pages"}],"about":[{"href":"https:\/\/www.visioink.com\/en\/wp-json\/wp\/v2\/types\/page"}],"author":[{"embeddable":true,"href":"https:\/\/www.visioink.com\/en\/wp-json\/wp\/v2\/users\/4"}],"replies":[{"embeddable":true,"href":"https:\/\/www.visioink.com\/en\/wp-json\/wp\/v2\/comments?post=112"}],"version-history":[{"count":7,"href":"https:\/\/www.visioink.com\/en\/wp-json\/wp\/v2\/pages\/112\/revisions"}],"predecessor-version":[{"id":1016,"href":"https:\/\/www.visioink.com\/en\/wp-json\/wp\/v2\/pages\/112\/revisions\/1016"}],"wp:featuredmedia":[{"embeddable":true,"href":"https:\/\/www.visioink.com\/en\/wp-json\/wp\/v2\/media\/114"}],"wp:attachment":[{"href":"https:\/\/www.visioink.com\/en\/wp-json\/wp\/v2\/media?parent=112"}],"wp:term":[{"taxonomy":"category","embeddable":true,"href":"https:\/\/www.visioink.com\/en\/wp-json\/wp\/v2\/categories?post=112"}],"curies":[{"name":"wp","href":"https:\/\/api.w.org\/{rel}","templated":true}]}}